{"id":4129,"date":"2025-07-22T08:57:36","date_gmt":"2025-07-22T08:57:36","guid":{"rendered":"https:\/\/seals.boats\/?page_id=4129"},"modified":"2025-07-22T13:41:57","modified_gmt":"2025-07-22T13:41:57","slug":"renouvellement","status":"publish","type":"page","link":"https:\/\/seals.boats\/fr\/renouvellement\/","title":{"rendered":"RENOUVELLEMENT"},"content":{"rendered":"<p><div class=\"fusion-fullwidth fullwidth-box fusion-builder-row-1 fusion-flex-container video-background has-pattern-background has-mask-background seals-rounded nonhundred-percent-fullwidth non-hundred-percent-height-scrolling\" style=\"--awb-border-radius-top-left:0px;--awb-border-radius-top-right:0px;--awb-border-radius-bottom-right:0px;--awb-border-radius-bottom-left:0px;--awb-min-height:60vh;--awb-flex-wrap:wrap;\" ><div class=\"fullwidth-video\"><video preload=\"auto\" autoplay playsinline loop muted><source src=\"https:\/\/seals.boats\/wp-content\/uploads\/2025\/03\/SEALS-Cover.webm\" type=\"video\/webm\"><source src=\"https:\/\/seals.boats\/wp-content\/uploads\/2025\/03\/SEALS-Cover.mp4\" type=\"video\/mp4\"><source src=\"https:\/\/seals.boats\/wp-content\/uploads\/2025\/03\/SEALS-Cover.ogv\" type=\"video\/ogg\"><\/video><\/div><div class=\"fusion-builder-row fusion-row fusion-flex-align-items-center fusion-flex-align-content-center fusion-flex-content-wrap\" style=\"max-width:1248px;margin-left: calc(-4% \/ 2 );margin-right: calc(-4% \/ 2 );\"><div class=\"fusion-layout-column fusion_builder_column fusion-builder-column-0 fusion_builder_column_2_3 2_3 fusion-flex-column\" style=\"--awb-padding-left:1.5em;--awb-bg-color:hsla(calc(var(--awb-color4-h) + 1),calc(var(--awb-color4-s) + 1%),calc(var(--awb-color4-l) + 1%),calc(var(--awb-color4-a) - 15%));--awb-bg-color-hover:hsla(calc(var(--awb-color4-h) + 1),calc(var(--awb-color4-s) + 1%),calc(var(--awb-color4-l) + 1%),calc(var(--awb-color4-a) - 15%));--awb-bg-size:cover;--awb-width-large:66.666666666667%;--awb-margin-top-large:0px;--awb-spacing-right-large:2.88%;--awb-margin-bottom-large:20px;--awb-spacing-left-large:2.88%;--awb-width-medium:66.666666666667%;--awb-order-medium:0;--awb-spacing-right-medium:2.88%;--awb-spacing-left-medium:2.88%;--awb-width-small:100%;--awb-order-small:0;--awb-spacing-right-small:1.92%;--awb-spacing-left-small:1.92%;\" data-scroll-devices=\"small-visibility,medium-visibility,large-visibility\"><div class=\"fusion-column-wrapper fusion-column-has-shadow fusion-flex-justify-content-center fusion-content-layout-column\"><div class=\"fusion-title title fusion-title-1 fusion-sep-none fusion-title-text fusion-title-size-one\" style=\"--awb-text-color:var(--awb-color6);\"><h1 class=\"fusion-title-heading title-heading-left\" style=\"margin:0;\">RENOUVELLEMENT<\/h1><\/div><\/div><\/div><\/div><\/div><section class=\"fusion-fullwidth fullwidth-box fusion-builder-row-2 fusion-flex-container has-pattern-background has-mask-background nonhundred-percent-fullwidth non-hundred-percent-height-scrolling\" style=\"--awb-border-radius-top-left:0px;--awb-border-radius-top-right:0px;--awb-border-radius-bottom-right:0px;--awb-border-radius-bottom-left:0px;--awb-padding-top:0px;--awb-padding-right:0px;--awb-padding-bottom:0px;--awb-padding-left:0px;--awb-margin-top:2em;--awb-margin-bottom:2em;--awb-flex-wrap:wrap;\" ><div class=\"fusion-builder-row fusion-row fusion-flex-align-items-stretch fusion-flex-justify-content-space-between fusion-flex-content-wrap\" style=\"max-width:calc( 1200px + 2em );margin-left: calc(-2em \/ 2 );margin-right: calc(-2em \/ 2 );\"><div class=\"fusion-layout-column fusion_builder_column fusion-builder-column-1 fusion_builder_column_1_1 1_1 fusion-flex-column\" style=\"--awb-bg-size:cover;--awb-width-large:100%;--awb-margin-top-large:0px;--awb-spacing-right-large:1em;--awb-margin-bottom-large:20px;--awb-spacing-left-large:1em;--awb-width-medium:100%;--awb-order-medium:0;--awb-spacing-right-medium:1em;--awb-spacing-left-medium:1em;--awb-width-small:100%;--awb-order-small:0;--awb-spacing-right-small:1em;--awb-spacing-left-small:1em;\"><div class=\"fusion-column-wrapper fusion-column-has-shadow fusion-flex-justify-content-flex-start fusion-content-layout-column\"><div class=\"fusion-text fusion-text-1\" style=\"--awb-text-color:var(--awb-color1);\"><p>protection pour:<\/p>\n<\/div><ul id=\"seals-products-filter\">\n<li style=\"background-color:rgb(217,201,105)\"><a href=\"https:\/\/seals.boats\/fr\/ponts\">ponts<\/a><\/li>\n<li style=\"background-color:rgb(218,162,174)\"><a href=\"https:\/\/seals.boats\/fr\/parois-laterales\">parois lat\u00e9rales<\/a><\/li>\n<li style=\"background-color:rgb(201,206,143)\"><a href=\"https:\/\/seals.boats\/fr\/verre\">verre<\/a><\/li>\n<li style=\"background-color:rgb(120,204,243)\"><a href=\"https:\/\/seals.boats\/fr\/materiaux-flexibles\">mat\u00e9riaux flexibles <\/a><\/li>\n<li style=\"background-color:rgb(100,171,198)\"><a href=\"https:\/\/seals.boats\/fr\/metal\">m\u00e9tal<\/a><\/li>\n<li style=\"background-color:rgb(18,131,54)\"><a href=\"https:\/\/seals.boats\/fr\/interieures\">int\u00e9rieurs<\/a><\/li>\n<li style=\"background-color:rgb(187,164,135)\"><a href=\" https:\/\/seals.boats\/fr\/hautes-temperatures\">haute temp\u00e9rature<\/a><\/li>\n<li style=\"background-color:rgb(156,205,96)\"><a href=\"https:\/\/seals.boats\/renouvellement\">renouvellement<\/a><\/li>\n\n<\/ul><\/div><\/div><\/div><\/section><div class=\"fusion-fullwidth fullwidth-box fusion-builder-row-3 fusion-flex-container has-pattern-background has-mask-background nonhundred-percent-fullwidth non-hundred-percent-height-scrolling\" style=\"--awb-border-radius-top-left:0px;--awb-border-radius-top-right:0px;--awb-border-radius-bottom-right:0px;--awb-border-radius-bottom-left:0px;--awb-flex-wrap:wrap;\" ><div class=\"fusion-builder-row fusion-row fusion-flex-align-items-flex-start fusion-flex-content-wrap\" style=\"max-width:1248px;margin-left: calc(-4% \/ 2 );margin-right: calc(-4% \/ 2 );\"><div class=\"fusion-layout-column fusion_builder_column fusion-builder-column-2 fusion_builder_column_1_1 1_1 fusion-flex-column fusion-flex-align-self-center seals-product seals-product-right\" style=\"--awb-padding-bottom:6em;--awb-bg-size:cover;--awb-width-large:100%;--awb-margin-top-large:0px;--awb-spacing-right-large:1.92%;--awb-margin-bottom-large:3em;--awb-spacing-left-large:1.92%;--awb-width-medium:100%;--awb-order-medium:0;--awb-spacing-right-medium:1.92%;--awb-spacing-left-medium:1.92%;--awb-width-small:100%;--awb-order-small:0;--awb-spacing-right-small:1.92%;--awb-spacing-left-small:1.92%;\" id=\"seals-product-indoor\" data-scroll-devices=\"small-visibility,medium-visibility,large-visibility\"><div class=\"fusion-column-wrapper fusion-column-has-shadow fusion-flex-justify-content-center fusion-content-layout-column\"><div class=\"fusion-builder-row fusion-builder-row-inner fusion-row fusion-flex-align-items-flex-start fusion-flex-content-wrap\" style=\"width:104% !important;max-width:104% !important;margin-left: calc(-4% \/ 2 );margin-right: calc(-4% \/ 2 );\"><div class=\"fusion-layout-column fusion_builder_column_inner fusion-builder-nested-column-0 fusion_builder_column_inner_2_3 2_3 fusion-flex-column\" style=\"--awb-padding-top:1.5em;--awb-padding-bottom:1.5em;--awb-bg-size:cover;--awb-width-large:66.666666666667%;--awb-margin-top-large:0px;--awb-spacing-right-large:0px;--awb-margin-bottom-large:20px;--awb-spacing-left-large:0px;--awb-width-medium:66.666666666667%;--awb-order-medium:0;--awb-spacing-right-medium:0px;--awb-spacing-left-medium:0px;--awb-width-small:100%;--awb-order-small:0;--awb-spacing-right-small:1.92%;--awb-spacing-left-small:1.92%;\" data-scroll-devices=\"small-visibility,medium-visibility,large-visibility\"><div class=\"fusion-column-wrapper fusion-column-has-shadow fusion-flex-justify-content-flex-start fusion-content-layout-column\"><h2>RENOUVELLEMENT<\/h2><div class=\"fusion-text fusion-text-2 seals-product-info-right\" style=\"--awb-content-alignment:left;--awb-margin-top:.5em;\"><p><span class=\"TextRun SCXW55773700 BCX8\" lang=\"FR-FR\" xml:lang=\"FR-FR\" data-contrast=\"none\"><span class=\"NormalTextRun SCXW55773700 BCX8\" data-ccp-parastyle=\"Text body\" data-ccp-parastyle-defn=\"{&quot;ObjectId&quot;:&quot;4d3b7256-f421-5a79-b934-85e828fd7d23|1&quot;,&quot;ClassId&quot;:1073872969,&quot;Properties&quot;:&#091;201342446,&quot;1&quot;,201342447,&quot;5&quot;,201342448,&quot;1&quot;,201342449,&quot;1&quot;,469777841,&quot;Liberation Serif&quot;,469777842,&quot;Lucida Sans&quot;,469777843,&quot;NSimSun&quot;,469777844,&quot;Liberation Serif&quot;,201341986,&quot;1&quot;,469769226,&quot;Liberation Serif,Lucida Sans,NSimSun&quot;,268442635,&quot;24&quot;,469775450,&quot;Text body&quot;,201340122,&quot;2&quot;,134233614,&quot;true&quot;,469778129,&quot;Textbody&quot;,335572020,&quot;1&quot;,335559740,&quot;276&quot;,201341983,&quot;0&quot;,335559739,&quot;140&quot;,469778324,&quot;Normal&quot;&#093;}\">Pour les surfaces trait\u00e9es avec SEALS au cours des 12 derniers mois, cette gamme a \u00e9t\u00e9 con\u00e7ue pour raviver et prolonger la protection sans n\u00e9cessiter un traitement complet.<\/span> <span class=\"NormalTextRun SCXW55773700 BCX8\" data-ccp-parastyle=\"Text body\">Apr\u00e8s un nettoyage minutieux \u00e0 l\u2019aide de nos d\u00e9tergents sp\u00e9cifiques et non agressifs, le produit RENEWAL restaure les performances du rev\u00eatement, redonnant aux surfaces leur brillance et leur r\u00e9sistance d\u2019origine.<\/span> <span class=\"NormalTextRun SCXW55773700 BCX8\" data-ccp-parastyle=\"Text body\">En seulement quelques \u00e9tapes, les surfaces retrouvent leur capacit\u00e9 \u00e0 repousser le sel, les rayons UV, la salet\u00e9 et l\u2019humidit\u00e9 \u2014 prolongeant ainsi la dur\u00e9e de vie du traitement initial, tout en r\u00e9duisant significativement le besoin d\u2019entretien.<\/span><\/span><span class=\"EOP SCXW55773700 BCX8\" data-ccp-props=\"{&quot;201341983&quot;:0,&quot;335551550&quot;:3,&quot;335551620&quot;:3,&quot;335559739&quot;:140,&quot;335559740&quot;:276}\">\u00a0<\/span><\/p>\n<\/div><\/div><\/div><div class=\"fusion-layout-column fusion_builder_column_inner fusion-builder-nested-column-1 fusion_builder_column_inner_1_3 1_3 fusion-flex-column seals-videobackground fusion-no-small-visibility\" style=\"--awb-bg-size:cover;--awb-width-large:33.333333333333%;--awb-margin-top-large:0px;--awb-spacing-right-large:5.76%;--awb-margin-bottom-large:20px;--awb-spacing-left-large:5.76%;--awb-width-medium:33.333333333333%;--awb-order-medium:0;--awb-spacing-right-medium:5.76%;--awb-spacing-left-medium:5.76%;--awb-width-small:100%;--awb-order-small:0;--awb-spacing-right-small:1.92%;--awb-spacing-left-small:1.92%;\" data-scroll-devices=\"small-visibility,medium-visibility,large-visibility\"><div class=\"fusion-column-wrapper fusion-column-has-shadow fusion-flex-justify-content-flex-start fusion-content-layout-block\"><video autoplay loop muted playsinline>\n    <source src=\"https:\/\/seals.boats\/wp-content\/uploads\/2025\/07\/products_renewal.mp4\" type=\"video\/mp4\">\n \n<\/video><\/div><\/div><\/div><\/div><\/div><\/div><\/div><div class=\"fusion-fullwidth fullwidth-box fusion-builder-row-4 fusion-flex-container has-pattern-background has-mask-background nonhundred-percent-fullwidth non-hundred-percent-height-scrolling fusion-custom-z-index\" style=\"--awb-border-radius-top-left:0px;--awb-border-radius-top-right:0px;--awb-border-radius-bottom-right:0px;--awb-border-radius-bottom-left:0px;--awb-z-index:800;--awb-flex-wrap:wrap;\" ><div class=\"fusion-builder-row fusion-row fusion-flex-align-items-flex-start fusion-flex-content-wrap\" style=\"max-width:1248px;margin-left: calc(-4% \/ 2 );margin-right: calc(-4% \/ 2 );\"><div class=\"fusion-layout-column fusion_builder_column fusion-builder-column-3 fusion_builder_column_3_4 3_4 fusion-flex-column\" style=\"--awb-padding-top:.5em;--awb-padding-right:1.5em;--awb-padding-bottom:.5em;--awb-padding-left:1.5em;--awb-overflow:hidden;--awb-bg-color:var(--awb-color1);--awb-bg-color-hover:var(--awb-color1);--awb-bg-size:cover;--awb-border-radius:0px 1.5rem 1.5rem 1.5rem;--awb-width-large:75%;--awb-margin-top-large:0px;--awb-spacing-right-large:2.56%;--awb-margin-bottom-large:20px;--awb-spacing-left-large:2.56%;--awb-width-medium:75%;--awb-order-medium:0;--awb-spacing-right-medium:2.56%;--awb-spacing-left-medium:2.56%;--awb-width-small:100%;--awb-order-small:0;--awb-spacing-right-small:1.92%;--awb-spacing-left-small:1.92%;\" data-scroll-devices=\"small-visibility,medium-visibility,large-visibility\"><div class=\"fusion-column-wrapper fusion-column-has-shadow fusion-flex-justify-content-flex-start fusion-content-layout-column\"><div class=\"fusion-text fusion-text-3 product-name\" style=\"--awb-font-size:48px;--awb-text-color:var(--awb-color4);\"><p>RENEW<\/p>\n<\/div><\/div><\/div><\/div><\/div><div class=\"fusion-fullwidth fullwidth-box fusion-builder-row-5 fusion-flex-container has-pattern-background has-mask-background nonhundred-percent-fullwidth non-hundred-percent-height-scrolling fusion-custom-z-index\" style=\"--awb-border-radius-top-left:0px;--awb-border-radius-top-right:0px;--awb-border-radius-bottom-right:0px;--awb-border-radius-bottom-left:0px;--awb-z-index:600;--awb-padding-top:5em;--awb-padding-right:2em;--awb-padding-bottom:2em;--awb-padding-left:2em;--awb-margin-top:-10em;--awb-margin-bottom:3em;--awb-flex-wrap:wrap;\" ><div class=\"fusion-builder-row fusion-row fusion-flex-align-items-flex-start fusion-flex-justify-content-center fusion-flex-content-wrap\" style=\"max-width:1248px;margin-left: calc(-4% \/ 2 );margin-right: calc(-4% \/ 2 );\"><div class=\"fusion-layout-column fusion_builder_column fusion-builder-column-4 fusion_builder_column_1_1 1_1 fusion-flex-column\" style=\"--awb-padding-top:6em;--awb-padding-right:1.5em;--awb-padding-bottom:2em;--awb-padding-left:1.5em;--awb-overflow:hidden;--awb-bg-color:var(--awb-color4);--awb-bg-color-hover:var(--awb-color4);--awb-bg-size:cover;--awb-border-radius:1em 1em 1em 1em;--awb-width-large:100%;--awb-margin-top-large:0px;--awb-spacing-right-large:1.92%;--awb-margin-bottom-large:20px;--awb-spacing-left-large:1.92%;--awb-width-medium:100%;--awb-order-medium:0;--awb-spacing-right-medium:1.92%;--awb-spacing-left-medium:1.92%;--awb-width-small:100%;--awb-order-small:0;--awb-spacing-right-small:1.92%;--awb-spacing-left-small:1.92%;\" data-scroll-devices=\"small-visibility,medium-visibility,large-visibility\"><div class=\"fusion-column-wrapper fusion-column-has-shadow fusion-flex-justify-content-flex-start fusion-content-layout-column\"><div class=\"fusion-builder-row fusion-builder-row-inner fusion-row fusion-flex-align-items-flex-start fusion-flex-justify-content-center fusion-flex-content-wrap\" style=\"width:104% !important;max-width:104% !important;margin-left: calc(-4% \/ 2 );margin-right: calc(-4% \/ 2 );\"><div class=\"fusion-layout-column fusion_builder_column_inner fusion-builder-nested-column-2 fusion_builder_column_inner_1_2 1_2 fusion-flex-column fusion-flex-align-self-center\" style=\"--awb-bg-size:cover;--awb-width-large:50%;--awb-margin-top-large:0px;--awb-spacing-right-large:3.84%;--awb-margin-bottom-large:20px;--awb-spacing-left-large:3.84%;--awb-width-medium:50%;--awb-order-medium:0;--awb-spacing-right-medium:3.84%;--awb-spacing-left-medium:3.84%;--awb-width-small:100%;--awb-order-small:0;--awb-spacing-right-small:1.92%;--awb-spacing-left-small:1.92%;\" data-scroll-devices=\"small-visibility,medium-visibility,large-visibility\"><div class=\"fusion-column-wrapper fusion-column-has-shadow fusion-flex-justify-content-center fusion-content-layout-column\"><div class=\"fusion-image-element \" style=\"text-align:center;--awb-caption-title-font-family:var(--h2_typography-font-family);--awb-caption-title-font-weight:var(--h2_typography-font-weight);--awb-caption-title-font-style:var(--h2_typography-font-style);--awb-caption-title-size:var(--h2_typography-font-size);--awb-caption-title-transform:var(--h2_typography-text-transform);--awb-caption-title-line-height:var(--h2_typography-line-height);--awb-caption-title-letter-spacing:var(--h2_typography-letter-spacing);\"><span class=\" fusion-imageframe imageframe-none imageframe-1 hover-type-none\"><img decoding=\"async\" width=\"125\" height=\"300\" alt=\"reNew bottle\" title=\"renew_L3_mup\" src=\"https:\/\/seals.boats\/wp-content\/uploads\/2025\/06\/renew_L3_mup-125x300.png\" class=\"img-responsive wp-image-3234\" srcset=\"https:\/\/seals.boats\/wp-content\/uploads\/2025\/06\/renew_L3_mup-200x478.png 200w, https:\/\/seals.boats\/wp-content\/uploads\/2025\/06\/renew_L3_mup-400x957.png 400w, https:\/\/seals.boats\/wp-content\/uploads\/2025\/06\/renew_L3_mup-600x1435.png 600w, https:\/\/seals.boats\/wp-content\/uploads\/2025\/06\/renew_L3_mup.png 790w\" sizes=\"(max-width: 640px) 100vw, 600px\" \/><\/span><\/div><\/div><\/div><div class=\"fusion-layout-column fusion_builder_column_inner fusion-builder-nested-column-3 fusion_builder_column_inner_1_2 1_2 fusion-flex-column\" style=\"--awb-bg-size:cover;--awb-width-large:50%;--awb-margin-top-large:0px;--awb-spacing-right-large:3.84%;--awb-margin-bottom-large:20px;--awb-spacing-left-large:3.84%;--awb-width-medium:50%;--awb-order-medium:0;--awb-spacing-right-medium:3.84%;--awb-spacing-left-medium:3.84%;--awb-width-small:100%;--awb-order-small:0;--awb-spacing-right-small:1.92%;--awb-spacing-left-small:1.92%;\"><div class=\"fusion-column-wrapper fusion-column-has-shadow fusion-flex-justify-content-flex-start fusion-content-layout-column\"><div class=\"fusion-text fusion-text-4\" style=\"--awb-text-color:var(--awb-color6);\"><p><span class=\"TextRun SCXW21288803 BCX8\" lang=\"FR-CH\" xml:lang=\"FR-CH\" data-contrast=\"auto\"><span class=\"NormalTextRun SpellingErrorV2Themed SCXW21288803 BCX8\">reNew<\/span><\/span><span class=\"TextRun SCXW21288803 BCX8\" lang=\"FR-CH\" xml:lang=\"FR-CH\" data-contrast=\"auto\"><span class=\"NormalTextRun SCXW21288803 BCX8\"> est un produit sp\u00e9cialement con\u00e7u pour la restauration simple et efficace de toutes les surfaces d\u00e9j\u00e0 trait\u00e9es avec les produits SEALS. Sa formule, parfaitement compatible avec l&rsquo;ensemble de notre gamme de produits de protection, prolonge leurs effets lorsqu&rsquo;il reste peu de temps pour une nouvelle application. Gr\u00e2ce \u00e0 des applications r\u00e9guli\u00e8res, en quelques minutes et avec des gestes simples, on donne une nouvelle vie aux surfaces brillantes et la barri\u00e8re cr\u00e9\u00e9e par SEALS est restaur\u00e9e.\u00a0<\/span><\/span><span class=\"EOP SCXW21288803 BCX8\" data-ccp-props=\"{&quot;201341983&quot;:0,&quot;335559739&quot;:60,&quot;335559740&quot;:240}\">\u00a0<\/span><\/p>\n<\/div><div class=\"fusion-text fusion-text-5\" style=\"--awb-text-color:var(--awb-color6);\"><p><em><span class=\"TextRun SCXW52925798 BCX8\" lang=\"FR-CH\" xml:lang=\"FR-CH\" data-contrast=\"none\"><span class=\"NormalTextRun SCXW52925798 BCX8\" data-ccp-parastyle=\"3\" data-ccp-parastyle-defn=\"{\" data-ccp-parastyle-linked-defn=\"{\">Disponible en flacons pour traiter des surfaces de 20, 30, 40, 80 m\u00b2 ou plus (sur demande)<\/span><\/span><span class=\"EOP SCXW52925798 BCX8\" data-ccp-props=\"{\">\u00a0<\/span><\/em><\/p>\n<\/div><\/div><\/div><\/div><\/div><\/div><\/div><\/div><\/p>\n","protected":false},"excerpt":{"rendered":"","protected":false},"author":3,"featured_media":0,"parent":0,"menu_order":0,"comment_status":"closed","ping_status":"closed","template":"100-width.php","meta":{"footnotes":""},"class_list":["post-4129","page","type-page","status-publish","hentry"],"yoast_head":"<!-- This site is optimized with the Yoast SEO plugin v26.7 - https:\/\/yoast.com\/wordpress\/plugins\/seo\/ -->\n<title>RENOUVELLEMENT - Seals<\/title>\n<meta name=\"robots\" content=\"index, follow, max-snippet:-1, max-image-preview:large, max-video-preview:-1\" \/>\n<link rel=\"canonical\" href=\"https:\/\/seals.boats\/fr\/renouvellement\/\" \/>\n<meta property=\"og:locale\" content=\"fr_FR\" \/>\n<meta property=\"og:type\" content=\"article\" \/>\n<meta property=\"og:title\" content=\"RENOUVELLEMENT - Seals\" \/>\n<meta property=\"og:url\" content=\"https:\/\/seals.boats\/fr\/renouvellement\/\" \/>\n<meta property=\"og:site_name\" content=\"Seals\" \/>\n<meta property=\"article:modified_time\" content=\"2025-07-22T13:41:57+00:00\" \/>\n<meta name=\"twitter:card\" content=\"summary_large_image\" \/>\n<meta name=\"twitter:label1\" content=\"Dur\u00e9e de lecture estim\u00e9e\" \/>\n\t<meta name=\"twitter:data1\" content=\"43 minutes\" \/>\n<script type=\"application\/ld+json\" class=\"yoast-schema-graph\">{\"@context\":\"https:\/\/schema.org\",\"@graph\":[{\"@type\":\"WebPage\",\"@id\":\"https:\/\/seals.boats\/fr\/renouvellement\/\",\"url\":\"https:\/\/seals.boats\/fr\/renouvellement\/\",\"name\":\"RENOUVELLEMENT - Seals\",\"isPartOf\":{\"@id\":\"https:\/\/seals.boats\/#website\"},\"datePublished\":\"2025-07-22T08:57:36+00:00\",\"dateModified\":\"2025-07-22T13:41:57+00:00\",\"breadcrumb\":{\"@id\":\"https:\/\/seals.boats\/fr\/renouvellement\/#breadcrumb\"},\"inLanguage\":\"fr-FR\",\"potentialAction\":[{\"@type\":\"ReadAction\",\"target\":[\"https:\/\/seals.boats\/fr\/renouvellement\/\"]}]},{\"@type\":\"BreadcrumbList\",\"@id\":\"https:\/\/seals.boats\/fr\/renouvellement\/#breadcrumb\",\"itemListElement\":[{\"@type\":\"ListItem\",\"position\":1,\"name\":\"Home\",\"item\":\"https:\/\/seals.boats\/fr\/\"},{\"@type\":\"ListItem\",\"position\":2,\"name\":\"RENOUVELLEMENT\"}]},{\"@type\":\"WebSite\",\"@id\":\"https:\/\/seals.boats\/#website\",\"url\":\"https:\/\/seals.boats\/\",\"name\":\"Seals\",\"description\":\"\",\"publisher\":{\"@id\":\"https:\/\/seals.boats\/#organization\"},\"potentialAction\":[{\"@type\":\"SearchAction\",\"target\":{\"@type\":\"EntryPoint\",\"urlTemplate\":\"https:\/\/seals.boats\/?s={search_term_string}\"},\"query-input\":{\"@type\":\"PropertyValueSpecification\",\"valueRequired\":true,\"valueName\":\"search_term_string\"}}],\"inLanguage\":\"fr-FR\"},{\"@type\":\"Organization\",\"@id\":\"https:\/\/seals.boats\/#organization\",\"name\":\"Seals\",\"url\":\"https:\/\/seals.boats\/\",\"logo\":{\"@type\":\"ImageObject\",\"inLanguage\":\"fr-FR\",\"@id\":\"https:\/\/seals.boats\/#\/schema\/logo\/image\/\",\"url\":\"https:\/\/3.70.166.117\/wp-content\/uploads\/2024\/07\/logo_seals_white.png\",\"contentUrl\":\"https:\/\/3.70.166.117\/wp-content\/uploads\/2024\/07\/logo_seals_white.png\",\"width\":2778,\"height\":1459,\"caption\":\"Seals\"},\"image\":{\"@id\":\"https:\/\/seals.boats\/#\/schema\/logo\/image\/\"},\"sameAs\":[\"https:\/\/www.linkedin.com\/company\/seals-boats\"]}]}<\/script>\n<!-- \/ Yoast SEO plugin. -->","yoast_head_json":{"title":"RENOUVELLEMENT - Seals","robots":{"index":"index","follow":"follow","max-snippet":"max-snippet:-1","max-image-preview":"max-image-preview:large","max-video-preview":"max-video-preview:-1"},"canonical":"https:\/\/seals.boats\/fr\/renouvellement\/","og_locale":"fr_FR","og_type":"article","og_title":"RENOUVELLEMENT - Seals","og_url":"https:\/\/seals.boats\/fr\/renouvellement\/","og_site_name":"Seals","article_modified_time":"2025-07-22T13:41:57+00:00","twitter_card":"summary_large_image","twitter_misc":{"Dur\u00e9e de lecture estim\u00e9e":"43 minutes"},"schema":{"@context":"https:\/\/schema.org","@graph":[{"@type":"WebPage","@id":"https:\/\/seals.boats\/fr\/renouvellement\/","url":"https:\/\/seals.boats\/fr\/renouvellement\/","name":"RENOUVELLEMENT - Seals","isPartOf":{"@id":"https:\/\/seals.boats\/#website"},"datePublished":"2025-07-22T08:57:36+00:00","dateModified":"2025-07-22T13:41:57+00:00","breadcrumb":{"@id":"https:\/\/seals.boats\/fr\/renouvellement\/#breadcrumb"},"inLanguage":"fr-FR","potentialAction":[{"@type":"ReadAction","target":["https:\/\/seals.boats\/fr\/renouvellement\/"]}]},{"@type":"BreadcrumbList","@id":"https:\/\/seals.boats\/fr\/renouvellement\/#breadcrumb","itemListElement":[{"@type":"ListItem","position":1,"name":"Home","item":"https:\/\/seals.boats\/fr\/"},{"@type":"ListItem","position":2,"name":"RENOUVELLEMENT"}]},{"@type":"WebSite","@id":"https:\/\/seals.boats\/#website","url":"https:\/\/seals.boats\/","name":"Seals","description":"","publisher":{"@id":"https:\/\/seals.boats\/#organization"},"potentialAction":[{"@type":"SearchAction","target":{"@type":"EntryPoint","urlTemplate":"https:\/\/seals.boats\/?s={search_term_string}"},"query-input":{"@type":"PropertyValueSpecification","valueRequired":true,"valueName":"search_term_string"}}],"inLanguage":"fr-FR"},{"@type":"Organization","@id":"https:\/\/seals.boats\/#organization","name":"Seals","url":"https:\/\/seals.boats\/","logo":{"@type":"ImageObject","inLanguage":"fr-FR","@id":"https:\/\/seals.boats\/#\/schema\/logo\/image\/","url":"https:\/\/3.70.166.117\/wp-content\/uploads\/2024\/07\/logo_seals_white.png","contentUrl":"https:\/\/3.70.166.117\/wp-content\/uploads\/2024\/07\/logo_seals_white.png","width":2778,"height":1459,"caption":"Seals"},"image":{"@id":"https:\/\/seals.boats\/#\/schema\/logo\/image\/"},"sameAs":["https:\/\/www.linkedin.com\/company\/seals-boats"]}]}},"_links":{"self":[{"href":"https:\/\/seals.boats\/fr\/wp-json\/wp\/v2\/pages\/4129","targetHints":{"allow":["GET"]}}],"collection":[{"href":"https:\/\/seals.boats\/fr\/wp-json\/wp\/v2\/pages"}],"about":[{"href":"https:\/\/seals.boats\/fr\/wp-json\/wp\/v2\/types\/page"}],"author":[{"embeddable":true,"href":"https:\/\/seals.boats\/fr\/wp-json\/wp\/v2\/users\/3"}],"replies":[{"embeddable":true,"href":"https:\/\/seals.boats\/fr\/wp-json\/wp\/v2\/comments?post=4129"}],"version-history":[{"count":4,"href":"https:\/\/seals.boats\/fr\/wp-json\/wp\/v2\/pages\/4129\/revisions"}],"predecessor-version":[{"id":4144,"href":"https:\/\/seals.boats\/fr\/wp-json\/wp\/v2\/pages\/4129\/revisions\/4144"}],"wp:attachment":[{"href":"https:\/\/seals.boats\/fr\/wp-json\/wp\/v2\/media?parent=4129"}],"curies":[{"name":"wp","href":"https:\/\/api.w.org\/{rel}","templated":true}]}}