{"id":2466,"date":"2025-04-13T20:52:54","date_gmt":"2025-04-13T20:52:54","guid":{"rendered":"https:\/\/seals.boats\/?page_id=2466"},"modified":"2025-04-17T09:12:58","modified_gmt":"2025-04-17T09:12:58","slug":"about-us","status":"publish","type":"page","link":"https:\/\/seals.boats\/fr\/about-us\/","title":{"rendered":"\u00c0 PROPOS"},"content":{"rendered":"<p><div class=\"fusion-fullwidth fullwidth-box fusion-builder-row-1 fusion-flex-container video-background has-pattern-background has-mask-background seals-rounded nonhundred-percent-fullwidth non-hundred-percent-height-scrolling\" style=\"--awb-border-radius-top-left:0px;--awb-border-radius-top-right:0px;--awb-border-radius-bottom-right:0px;--awb-border-radius-bottom-left:0px;--awb-min-height:30vh;--awb-flex-wrap:wrap;\" ><div class=\"fullwidth-video\"><video preload=\"auto\" autoplay playsinline loop muted><source src=\"https:\/\/seals.boats\/wp-content\/uploads\/2025\/03\/SEALS-Waterdrops.webm\" type=\"video\/webm\"><source src=\"https:\/\/seals.boats\/wp-content\/uploads\/2025\/03\/SEALS-Waterdrops.mp4\" type=\"video\/mp4\"><source src=\"https:\/\/seals.boats\/wp-content\/uploads\/2025\/03\/SEALS-Waterdrops.ogv\" type=\"video\/ogg\"><\/video><\/div><div class=\"fusion-builder-row fusion-row fusion-flex-align-items-center fusion-flex-align-content-center fusion-flex-content-wrap\" style=\"max-width:1248px;margin-left: calc(-4% \/ 2 );margin-right: calc(-4% \/ 2 );\"><\/div><\/div><div class=\"fusion-fullwidth fullwidth-box fusion-builder-row-2 fusion-flex-container has-pattern-background has-mask-background nonhundred-percent-fullwidth non-hundred-percent-height-scrolling fusion-custom-z-index\" style=\"--awb-border-radius-top-left:0px;--awb-border-radius-top-right:0px;--awb-border-radius-bottom-right:0px;--awb-border-radius-bottom-left:0px;--awb-z-index:800;--awb-margin-top:-4em;--awb-margin-bottom:-2em;--awb-flex-wrap:wrap;\" ><div class=\"fusion-builder-row fusion-row fusion-flex-align-items-flex-start fusion-flex-content-wrap\" style=\"max-width:1248px;margin-left: calc(-4% \/ 2 );margin-right: calc(-4% \/ 2 );\"><div class=\"fusion-layout-column fusion_builder_column fusion-builder-column-0 fusion_builder_column_3_4 3_4 fusion-flex-column\" style=\"--awb-padding-top:.5em;--awb-padding-right:1.5em;--awb-padding-bottom:.5em;--awb-padding-left:1.5em;--awb-overflow:hidden;--awb-bg-color:var(--awb-color1);--awb-bg-color-hover:var(--awb-color1);--awb-bg-size:cover;--awb-border-radius:0px 1.5rem 1.5rem 1.5rem;--awb-width-large:75%;--awb-margin-top-large:0px;--awb-spacing-right-large:2.56%;--awb-margin-bottom-large:20px;--awb-spacing-left-large:2.56%;--awb-width-medium:75%;--awb-order-medium:0;--awb-spacing-right-medium:2.56%;--awb-spacing-left-medium:2.56%;--awb-width-small:100%;--awb-order-small:0;--awb-spacing-right-small:1.92%;--awb-spacing-left-small:1.92%;\" data-scroll-devices=\"small-visibility,medium-visibility,large-visibility\"><div class=\"fusion-column-wrapper fusion-column-has-shadow fusion-flex-justify-content-flex-start fusion-content-layout-column\"><div class=\"fusion-title title fusion-title-1 fusion-sep-none fusion-title-text fusion-title-size-one\" style=\"--awb-text-color:var(--awb-color4);\" id=\"seals-about-title\"><h1 class=\"fusion-title-heading title-heading-left\" style=\"margin:0;\">\u00c0 PROPOS<br \/>\nDE NOUS<\/h1><\/div><\/div><\/div><\/div><\/div><div class=\"fusion-fullwidth fullwidth-box fusion-builder-row-3 fusion-flex-container has-pattern-background has-mask-background nonhundred-percent-fullwidth non-hundred-percent-height-scrolling fusion-custom-z-index\" style=\"--awb-border-radius-top-left:0px;--awb-border-radius-top-right:0px;--awb-border-radius-bottom-right:0px;--awb-border-radius-bottom-left:0px;--awb-z-index:600;--awb-padding-top:5em;--awb-padding-right:2em;--awb-padding-bottom:2em;--awb-padding-left:2em;--awb-margin-top:-10em;--awb-margin-bottom:3em;--awb-flex-wrap:wrap;\" ><div class=\"fusion-builder-row fusion-row fusion-flex-align-items-flex-start fusion-flex-justify-content-center fusion-flex-content-wrap\" style=\"max-width:1248px;margin-left: calc(-4% \/ 2 );margin-right: calc(-4% \/ 2 );\"><div class=\"fusion-layout-column fusion_builder_column fusion-builder-column-1 fusion_builder_column_1_1 1_1 fusion-flex-column\" style=\"--awb-padding-top:6em;--awb-padding-right:1.5em;--awb-padding-bottom:2em;--awb-padding-left:1.5em;--awb-overflow:hidden;--awb-bg-color:var(--awb-color4);--awb-bg-color-hover:var(--awb-color4);--awb-bg-size:cover;--awb-border-radius:1em 1em 1em 1em;--awb-width-large:100%;--awb-margin-top-large:0px;--awb-spacing-right-large:1.92%;--awb-margin-bottom-large:20px;--awb-spacing-left-large:1.92%;--awb-width-medium:100%;--awb-order-medium:0;--awb-spacing-right-medium:1.92%;--awb-spacing-left-medium:1.92%;--awb-width-small:100%;--awb-order-small:0;--awb-spacing-right-small:1.92%;--awb-spacing-left-small:1.92%;\" data-scroll-devices=\"small-visibility,medium-visibility,large-visibility\"><div class=\"fusion-column-wrapper fusion-column-has-shadow fusion-flex-justify-content-flex-start fusion-content-layout-column\"><div class=\"fusion-builder-row fusion-builder-row-inner fusion-row fusion-flex-align-items-flex-start fusion-flex-justify-content-center fusion-flex-content-wrap\" style=\"width:104% !important;max-width:104% !important;margin-left: calc(-4% \/ 2 );margin-right: calc(-4% \/ 2 );\"><div class=\"fusion-layout-column fusion_builder_column_inner fusion-builder-nested-column-0 fusion_builder_column_inner_1_2 1_2 fusion-flex-column\" style=\"--awb-bg-size:cover;--awb-width-large:50%;--awb-margin-top-large:0px;--awb-spacing-right-large:3.84%;--awb-margin-bottom-large:20px;--awb-spacing-left-large:3.84%;--awb-width-medium:50%;--awb-order-medium:0;--awb-spacing-right-medium:3.84%;--awb-spacing-left-medium:3.84%;--awb-width-small:100%;--awb-order-small:0;--awb-spacing-right-small:1.92%;--awb-spacing-left-small:1.92%;\"><div class=\"fusion-column-wrapper fusion-column-has-shadow fusion-flex-justify-content-flex-start fusion-content-layout-column\"><div class=\"fusion-text fusion-text-1 sm-text-align-left\" style=\"--awb-content-alignment:right;--awb-text-color:var(--awb-color6);\"><div class=\"page\" title=\"Page 5\">\n<div class=\"section\">\n<div class=\"layoutArea\">\n<div class=\"column\">\n<p>Unis par la passion et l\u2019expertise<\/p>\n<\/div>\n<\/div>\n<\/div>\n<\/div>\n<\/div><\/div><\/div><div class=\"fusion-layout-column fusion_builder_column_inner fusion-builder-nested-column-1 fusion_builder_column_inner_1_2 1_2 fusion-flex-column\" style=\"--awb-bg-size:cover;--awb-width-large:50%;--awb-margin-top-large:0px;--awb-spacing-right-large:3.84%;--awb-margin-bottom-large:20px;--awb-spacing-left-large:3.84%;--awb-width-medium:50%;--awb-order-medium:0;--awb-spacing-right-medium:3.84%;--awb-spacing-left-medium:3.84%;--awb-width-small:100%;--awb-order-small:0;--awb-spacing-right-small:1.92%;--awb-spacing-left-small:1.92%;\"><div class=\"fusion-column-wrapper fusion-column-has-shadow fusion-flex-justify-content-flex-start fusion-content-layout-column\"><div class=\"fusion-text fusion-text-2\" style=\"--awb-text-color:var(--awb-color6);\"><div class=\"page\" title=\"Page 5\">\n<div class=\"section\">\n<div class=\"layoutArea\">\n<div class=\"column\">\n<p>SEALS est n\u00e9 de la rencontre entre la technologie et l&rsquo;amour de la navigation. Nos fondateurs, profond\u00e9ment li\u00e9s \u00e0 la mer et au monde nautique, ont cr\u00e9\u00e9 une ligne de produits nanotechnologiques avanc\u00e9s d\u00e9di\u00e9s \u00e0 la protection et \u00e0 l&rsquo;entretien des bateaux. <\/p>\n<p>L&rsquo;innovation, la durabilit\u00e9 et la performance sont les piliers de notre philosophie : nous travaillons avec des mat\u00e9riaux de pointe pour offrir des protections invisibles et durables, qui garantissent aux bateaux une plus grande r\u00e9sistance aux agents atmosph\u00e9riques, \u00e0 l&rsquo;usure et au temps. <\/p>\n<p>Nous croyons que chaque bateau raconte une histoire unique, et notre travail consiste \u00e0 le prot\u00e9ger pour que cette histoire continue de naviguer. Avec SEALS, vous choisissez une solution efficace, durable et s\u00fbre. <\/p>\n<p>D\u00e9velopp\u00e9 par des marins pour des marins. <\/p>\n<\/div>\n<\/div>\n<\/div>\n<\/div>\n<\/div><\/div><\/div><\/div><\/div><\/div><\/div><\/div><\/p>\n","protected":false},"excerpt":{"rendered":"","protected":false},"author":3,"featured_media":0,"parent":0,"menu_order":0,"comment_status":"closed","ping_status":"closed","template":"100-width.php","meta":{"footnotes":""},"class_list":["post-2466","page","type-page","status-publish","hentry"],"yoast_head":"<!-- This site is optimized with the Yoast SEO plugin v26.7 - https:\/\/yoast.com\/wordpress\/plugins\/seo\/ -->\n<title>\u00c0 PROPOS - Seals<\/title>\n<meta name=\"robots\" content=\"index, follow, max-snippet:-1, max-image-preview:large, max-video-preview:-1\" \/>\n<link rel=\"canonical\" href=\"https:\/\/seals.boats\/fr\/about-us\/\" \/>\n<meta property=\"og:locale\" content=\"fr_FR\" \/>\n<meta property=\"og:type\" content=\"article\" \/>\n<meta property=\"og:title\" content=\"\u00c0 PROPOS - Seals\" \/>\n<meta property=\"og:url\" content=\"https:\/\/seals.boats\/fr\/about-us\/\" \/>\n<meta property=\"og:site_name\" content=\"Seals\" \/>\n<meta property=\"article:modified_time\" content=\"2025-04-17T09:12:58+00:00\" \/>\n<meta name=\"twitter:card\" content=\"summary_large_image\" \/>\n<meta name=\"twitter:label1\" content=\"Dur\u00e9e de lecture estim\u00e9e\" \/>\n\t<meta name=\"twitter:data1\" content=\"20 minutes\" \/>\n<script type=\"application\/ld+json\" class=\"yoast-schema-graph\">{\"@context\":\"https:\/\/schema.org\",\"@graph\":[{\"@type\":\"WebPage\",\"@id\":\"https:\/\/seals.boats\/fr\/about-us\/\",\"url\":\"https:\/\/seals.boats\/fr\/about-us\/\",\"name\":\"\u00c0 PROPOS - Seals\",\"isPartOf\":{\"@id\":\"https:\/\/seals.boats\/#website\"},\"datePublished\":\"2025-04-13T20:52:54+00:00\",\"dateModified\":\"2025-04-17T09:12:58+00:00\",\"breadcrumb\":{\"@id\":\"https:\/\/seals.boats\/fr\/about-us\/#breadcrumb\"},\"inLanguage\":\"fr-FR\",\"potentialAction\":[{\"@type\":\"ReadAction\",\"target\":[\"https:\/\/seals.boats\/fr\/about-us\/\"]}]},{\"@type\":\"BreadcrumbList\",\"@id\":\"https:\/\/seals.boats\/fr\/about-us\/#breadcrumb\",\"itemListElement\":[{\"@type\":\"ListItem\",\"position\":1,\"name\":\"Home\",\"item\":\"https:\/\/seals.boats\/fr\/\"},{\"@type\":\"ListItem\",\"position\":2,\"name\":\"\u00c0 PROPOS\"}]},{\"@type\":\"WebSite\",\"@id\":\"https:\/\/seals.boats\/#website\",\"url\":\"https:\/\/seals.boats\/\",\"name\":\"Seals\",\"description\":\"\",\"publisher\":{\"@id\":\"https:\/\/seals.boats\/#organization\"},\"potentialAction\":[{\"@type\":\"SearchAction\",\"target\":{\"@type\":\"EntryPoint\",\"urlTemplate\":\"https:\/\/seals.boats\/?s={search_term_string}\"},\"query-input\":{\"@type\":\"PropertyValueSpecification\",\"valueRequired\":true,\"valueName\":\"search_term_string\"}}],\"inLanguage\":\"fr-FR\"},{\"@type\":\"Organization\",\"@id\":\"https:\/\/seals.boats\/#organization\",\"name\":\"Seals\",\"url\":\"https:\/\/seals.boats\/\",\"logo\":{\"@type\":\"ImageObject\",\"inLanguage\":\"fr-FR\",\"@id\":\"https:\/\/seals.boats\/#\/schema\/logo\/image\/\",\"url\":\"https:\/\/3.70.166.117\/wp-content\/uploads\/2024\/07\/logo_seals_white.png\",\"contentUrl\":\"https:\/\/3.70.166.117\/wp-content\/uploads\/2024\/07\/logo_seals_white.png\",\"width\":2778,\"height\":1459,\"caption\":\"Seals\"},\"image\":{\"@id\":\"https:\/\/seals.boats\/#\/schema\/logo\/image\/\"},\"sameAs\":[\"https:\/\/www.linkedin.com\/company\/seals-boats\"]}]}<\/script>\n<!-- \/ Yoast SEO plugin. -->","yoast_head_json":{"title":"\u00c0 PROPOS - Seals","robots":{"index":"index","follow":"follow","max-snippet":"max-snippet:-1","max-image-preview":"max-image-preview:large","max-video-preview":"max-video-preview:-1"},"canonical":"https:\/\/seals.boats\/fr\/about-us\/","og_locale":"fr_FR","og_type":"article","og_title":"\u00c0 PROPOS - Seals","og_url":"https:\/\/seals.boats\/fr\/about-us\/","og_site_name":"Seals","article_modified_time":"2025-04-17T09:12:58+00:00","twitter_card":"summary_large_image","twitter_misc":{"Dur\u00e9e de lecture estim\u00e9e":"20 minutes"},"schema":{"@context":"https:\/\/schema.org","@graph":[{"@type":"WebPage","@id":"https:\/\/seals.boats\/fr\/about-us\/","url":"https:\/\/seals.boats\/fr\/about-us\/","name":"\u00c0 PROPOS - Seals","isPartOf":{"@id":"https:\/\/seals.boats\/#website"},"datePublished":"2025-04-13T20:52:54+00:00","dateModified":"2025-04-17T09:12:58+00:00","breadcrumb":{"@id":"https:\/\/seals.boats\/fr\/about-us\/#breadcrumb"},"inLanguage":"fr-FR","potentialAction":[{"@type":"ReadAction","target":["https:\/\/seals.boats\/fr\/about-us\/"]}]},{"@type":"BreadcrumbList","@id":"https:\/\/seals.boats\/fr\/about-us\/#breadcrumb","itemListElement":[{"@type":"ListItem","position":1,"name":"Home","item":"https:\/\/seals.boats\/fr\/"},{"@type":"ListItem","position":2,"name":"\u00c0 PROPOS"}]},{"@type":"WebSite","@id":"https:\/\/seals.boats\/#website","url":"https:\/\/seals.boats\/","name":"Seals","description":"","publisher":{"@id":"https:\/\/seals.boats\/#organization"},"potentialAction":[{"@type":"SearchAction","target":{"@type":"EntryPoint","urlTemplate":"https:\/\/seals.boats\/?s={search_term_string}"},"query-input":{"@type":"PropertyValueSpecification","valueRequired":true,"valueName":"search_term_string"}}],"inLanguage":"fr-FR"},{"@type":"Organization","@id":"https:\/\/seals.boats\/#organization","name":"Seals","url":"https:\/\/seals.boats\/","logo":{"@type":"ImageObject","inLanguage":"fr-FR","@id":"https:\/\/seals.boats\/#\/schema\/logo\/image\/","url":"https:\/\/3.70.166.117\/wp-content\/uploads\/2024\/07\/logo_seals_white.png","contentUrl":"https:\/\/3.70.166.117\/wp-content\/uploads\/2024\/07\/logo_seals_white.png","width":2778,"height":1459,"caption":"Seals"},"image":{"@id":"https:\/\/seals.boats\/#\/schema\/logo\/image\/"},"sameAs":["https:\/\/www.linkedin.com\/company\/seals-boats"]}]}},"_links":{"self":[{"href":"https:\/\/seals.boats\/fr\/wp-json\/wp\/v2\/pages\/2466","targetHints":{"allow":["GET"]}}],"collection":[{"href":"https:\/\/seals.boats\/fr\/wp-json\/wp\/v2\/pages"}],"about":[{"href":"https:\/\/seals.boats\/fr\/wp-json\/wp\/v2\/types\/page"}],"author":[{"embeddable":true,"href":"https:\/\/seals.boats\/fr\/wp-json\/wp\/v2\/users\/3"}],"replies":[{"embeddable":true,"href":"https:\/\/seals.boats\/fr\/wp-json\/wp\/v2\/comments?post=2466"}],"version-history":[{"count":4,"href":"https:\/\/seals.boats\/fr\/wp-json\/wp\/v2\/pages\/2466\/revisions"}],"predecessor-version":[{"id":2656,"href":"https:\/\/seals.boats\/fr\/wp-json\/wp\/v2\/pages\/2466\/revisions\/2656"}],"wp:attachment":[{"href":"https:\/\/seals.boats\/fr\/wp-json\/wp\/v2\/media?parent=2466"}],"curies":[{"name":"wp","href":"https:\/\/api.w.org\/{rel}","templated":true}]}}