{"id":4135,"date":"2025-07-22T08:57:36","date_gmt":"2025-07-22T08:57:36","guid":{"rendered":"https:\/\/seals.boats\/?page_id=4135"},"modified":"2025-07-22T13:41:26","modified_gmt":"2025-07-22T13:41:26","slug":"auffrischung","status":"publish","type":"page","link":"https:\/\/seals.boats\/de\/auffrischung\/","title":{"rendered":"AUFFRISCHUNG"},"content":{"rendered":"<p><div class=\"fusion-fullwidth fullwidth-box fusion-builder-row-1 fusion-flex-container video-background has-pattern-background has-mask-background seals-rounded nonhundred-percent-fullwidth non-hundred-percent-height-scrolling\" style=\"--awb-border-radius-top-left:0px;--awb-border-radius-top-right:0px;--awb-border-radius-bottom-right:0px;--awb-border-radius-bottom-left:0px;--awb-min-height:60vh;--awb-flex-wrap:wrap;\" ><div class=\"fullwidth-video\"><video preload=\"auto\" autoplay playsinline loop muted><source src=\"https:\/\/seals.boats\/wp-content\/uploads\/2025\/03\/SEALS-Cover.webm\" type=\"video\/webm\"><source src=\"https:\/\/seals.boats\/wp-content\/uploads\/2025\/03\/SEALS-Cover.mp4\" type=\"video\/mp4\"><source src=\"https:\/\/seals.boats\/wp-content\/uploads\/2025\/03\/SEALS-Cover.ogv\" type=\"video\/ogg\"><\/video><\/div><div class=\"fusion-builder-row fusion-row fusion-flex-align-items-center fusion-flex-align-content-center fusion-flex-content-wrap\" style=\"max-width:1248px;margin-left: calc(-4% \/ 2 );margin-right: calc(-4% \/ 2 );\"><div class=\"fusion-layout-column fusion_builder_column fusion-builder-column-0 fusion_builder_column_2_3 2_3 fusion-flex-column\" style=\"--awb-padding-left:1.5em;--awb-bg-color:hsla(calc(var(--awb-color4-h) + 1),calc(var(--awb-color4-s) + 1%),calc(var(--awb-color4-l) + 1%),calc(var(--awb-color4-a) - 15%));--awb-bg-color-hover:hsla(calc(var(--awb-color4-h) + 1),calc(var(--awb-color4-s) + 1%),calc(var(--awb-color4-l) + 1%),calc(var(--awb-color4-a) - 15%));--awb-bg-size:cover;--awb-width-large:66.666666666667%;--awb-margin-top-large:0px;--awb-spacing-right-large:2.88%;--awb-margin-bottom-large:20px;--awb-spacing-left-large:2.88%;--awb-width-medium:66.666666666667%;--awb-order-medium:0;--awb-spacing-right-medium:2.88%;--awb-spacing-left-medium:2.88%;--awb-width-small:100%;--awb-order-small:0;--awb-spacing-right-small:1.92%;--awb-spacing-left-small:1.92%;\" data-scroll-devices=\"small-visibility,medium-visibility,large-visibility\"><div class=\"fusion-column-wrapper fusion-column-has-shadow fusion-flex-justify-content-center fusion-content-layout-column\"><div class=\"fusion-title title fusion-title-1 fusion-sep-none fusion-title-text fusion-title-size-one\" style=\"--awb-text-color:var(--awb-color6);\"><h1 class=\"fusion-title-heading title-heading-left\" style=\"margin:0;\"><span class=\"TextRun SCXW94871277 BCX8\" lang=\"DE-DE\" xml:lang=\"DE-DE\" data-contrast=\"auto\"><span class=\"NormalTextRun SCXW94871277 BCX8\">\u00a0AUFFRISCHUNG<\/span><\/span><\/h1><\/div><\/div><\/div><\/div><\/div><section class=\"fusion-fullwidth fullwidth-box fusion-builder-row-2 fusion-flex-container has-pattern-background has-mask-background nonhundred-percent-fullwidth non-hundred-percent-height-scrolling\" style=\"--awb-border-radius-top-left:0px;--awb-border-radius-top-right:0px;--awb-border-radius-bottom-right:0px;--awb-border-radius-bottom-left:0px;--awb-padding-top:0px;--awb-padding-right:0px;--awb-padding-bottom:0px;--awb-padding-left:0px;--awb-margin-top:2em;--awb-margin-bottom:2em;--awb-flex-wrap:wrap;\" ><div class=\"fusion-builder-row fusion-row fusion-flex-align-items-stretch fusion-flex-justify-content-space-between fusion-flex-content-wrap\" style=\"max-width:calc( 1200px + 2em );margin-left: calc(-2em \/ 2 );margin-right: calc(-2em \/ 2 );\"><div class=\"fusion-layout-column fusion_builder_column fusion-builder-column-1 fusion_builder_column_1_1 1_1 fusion-flex-column\" style=\"--awb-bg-size:cover;--awb-width-large:100%;--awb-margin-top-large:0px;--awb-spacing-right-large:1em;--awb-margin-bottom-large:20px;--awb-spacing-left-large:1em;--awb-width-medium:100%;--awb-order-medium:0;--awb-spacing-right-medium:1em;--awb-spacing-left-medium:1em;--awb-width-small:100%;--awb-order-small:0;--awb-spacing-right-small:1em;--awb-spacing-left-small:1em;\"><div class=\"fusion-column-wrapper fusion-column-has-shadow fusion-flex-justify-content-flex-start fusion-content-layout-column\"><div class=\"fusion-text fusion-text-1\" style=\"--awb-text-color:var(--awb-color1);\"><p>schutz f\u00fcr:<\/p>\n<\/div><ul id=\"seals-products-filter\">\n<li style=\"background-color:rgb(217,201,105)\"><a href=\"https:\/\/seals.boats\/de\/deck\">deck<\/a><\/li>\n<li style=\"background-color:rgb(218,162,174)\"><a href=\"https:\/\/seals.boats\/de\/seitenwandschutz\">seitenw\u00e4nde <\/a><\/li>\n<li style=\"background-color:rgb(201,206,143)\"><a href=\"https:\/\/seals.boats\/de\/glas\">glas<\/a><\/li>\n<li style=\"background-color:rgb(120,204,243)\"><a href=\"https:\/\/seals.boats\/de\/flexible-materialien\">flexible materialien<\/a><\/li>\n<li style=\"background-color:rgb(100,171,198)\"><a href=\"https:\/\/seals.boats\/de\/metallschutz\">metall<\/a><\/li>\n<li style=\"background-color:rgb(18,131,54)\"><a href=\"https:\/\/seals.boats\/de\/innenraumen\">innenbereiche<\/a><\/li>\n<li style=\"background-color:rgb(187,164,135)\"><a href= \"https:\/\/seals.boats\/de\/hohen-temperaturen\">hohe temperaturen <\/a><\/li>\n<li style=\"background-color:rgb(156,205,96)\"><a href=\"https:\/\/seals.boats\/de\/auffrischung\">auffrischung<\/a><\/li>\n<\/ul><\/div><\/div><\/div><\/section><div class=\"fusion-fullwidth fullwidth-box fusion-builder-row-3 fusion-flex-container has-pattern-background has-mask-background nonhundred-percent-fullwidth non-hundred-percent-height-scrolling\" style=\"--awb-border-radius-top-left:0px;--awb-border-radius-top-right:0px;--awb-border-radius-bottom-right:0px;--awb-border-radius-bottom-left:0px;--awb-flex-wrap:wrap;\" ><div class=\"fusion-builder-row fusion-row fusion-flex-align-items-flex-start fusion-flex-content-wrap\" style=\"max-width:1248px;margin-left: calc(-4% \/ 2 );margin-right: calc(-4% \/ 2 );\"><div class=\"fusion-layout-column fusion_builder_column fusion-builder-column-2 fusion_builder_column_1_1 1_1 fusion-flex-column fusion-flex-align-self-center seals-product seals-product-right\" style=\"--awb-padding-bottom:6em;--awb-bg-size:cover;--awb-width-large:100%;--awb-margin-top-large:0px;--awb-spacing-right-large:1.92%;--awb-margin-bottom-large:3em;--awb-spacing-left-large:1.92%;--awb-width-medium:100%;--awb-order-medium:0;--awb-spacing-right-medium:1.92%;--awb-spacing-left-medium:1.92%;--awb-width-small:100%;--awb-order-small:0;--awb-spacing-right-small:1.92%;--awb-spacing-left-small:1.92%;\" id=\"seals-product-indoor\" data-scroll-devices=\"small-visibility,medium-visibility,large-visibility\"><div class=\"fusion-column-wrapper fusion-column-has-shadow fusion-flex-justify-content-center fusion-content-layout-column\"><div class=\"fusion-builder-row fusion-builder-row-inner fusion-row fusion-flex-align-items-flex-start fusion-flex-content-wrap\" style=\"width:104% !important;max-width:104% !important;margin-left: calc(-4% \/ 2 );margin-right: calc(-4% \/ 2 );\"><div class=\"fusion-layout-column fusion_builder_column_inner fusion-builder-nested-column-0 fusion_builder_column_inner_2_3 2_3 fusion-flex-column\" style=\"--awb-padding-top:1.5em;--awb-padding-bottom:1.5em;--awb-bg-size:cover;--awb-width-large:66.666666666667%;--awb-margin-top-large:0px;--awb-spacing-right-large:0px;--awb-margin-bottom-large:20px;--awb-spacing-left-large:0px;--awb-width-medium:66.666666666667%;--awb-order-medium:0;--awb-spacing-right-medium:0px;--awb-spacing-left-medium:0px;--awb-width-small:100%;--awb-order-small:0;--awb-spacing-right-small:1.92%;--awb-spacing-left-small:1.92%;\" data-scroll-devices=\"small-visibility,medium-visibility,large-visibility\"><div class=\"fusion-column-wrapper fusion-column-has-shadow fusion-flex-justify-content-flex-start fusion-content-layout-column\"><h2> AUFFRISCHUNG<\/h2><div class=\"fusion-text fusion-text-2 seals-product-info-right\" style=\"--awb-content-alignment:left;--awb-margin-top:.5em;\"><p><span data-contrast=\"none\">F\u00fcr Oberfl\u00e4chen, die in den letzten 12 Monaten mit SEALS behandelt wurden, wurde diese Linie entwickelt, um den Schutz aufzufrischen und zu verl\u00e4ngern, ohne eine vollst\u00e4ndige Neubehandlung durchf\u00fchren zu m\u00fcssen.<\/span><span data-ccp-props=\"{&quot;201341983&quot;:0,&quot;335559739&quot;:140,&quot;335559740&quot;:276}\">\u00a0<\/span><span data-contrast=\"none\">Nach einer gr\u00fcndlichen Reinigung mit unseren speziellen, schonenden Reinigungsmitteln stellt das RENEWAL-Produkt die Leistungsf\u00e4higkeit der Beschichtung wieder her und bringt die Oberfl\u00e4chen zur\u00fcck zu maximalem Glanz und Widerstandskraft.<\/span><span data-ccp-props=\"{&quot;201341983&quot;:0,&quot;335559739&quot;:140,&quot;335559740&quot;:276}\">\u00a0<\/span><span data-contrast=\"none\">In nur wenigen Schritten gewinnen die Oberfl\u00e4chen ihre F\u00e4higkeit zur\u00fcck, Salz, UV-Strahlen, Schmutz und Feuchtigkeit abzuweisen \u2014 und verl\u00e4ngern so die Lebensdauer der urspr\u00fcnglichen Behandlung bei gleichzeitig geringerem Pflegeaufwand.<\/span><span data-ccp-props=\"{&quot;201341983&quot;:0,&quot;335559739&quot;:140,&quot;335559740&quot;:276}\">\u00a0<\/span><\/p>\n<\/div><\/div><\/div><div class=\"fusion-layout-column fusion_builder_column_inner fusion-builder-nested-column-1 fusion_builder_column_inner_1_3 1_3 fusion-flex-column seals-videobackground fusion-no-small-visibility\" style=\"--awb-bg-size:cover;--awb-width-large:33.333333333333%;--awb-margin-top-large:0px;--awb-spacing-right-large:5.76%;--awb-margin-bottom-large:20px;--awb-spacing-left-large:5.76%;--awb-width-medium:33.333333333333%;--awb-order-medium:0;--awb-spacing-right-medium:5.76%;--awb-spacing-left-medium:5.76%;--awb-width-small:100%;--awb-order-small:0;--awb-spacing-right-small:1.92%;--awb-spacing-left-small:1.92%;\" data-scroll-devices=\"small-visibility,medium-visibility,large-visibility\"><div class=\"fusion-column-wrapper fusion-column-has-shadow fusion-flex-justify-content-flex-start fusion-content-layout-block\"><video autoplay loop muted playsinline>\n    <source src=\"https:\/\/seals.boats\/wp-content\/uploads\/2025\/07\/products_renewal.mp4\" type=\"video\/mp4\">\n \n<\/video><\/div><\/div><\/div><\/div><\/div><\/div><\/div><div class=\"fusion-fullwidth fullwidth-box fusion-builder-row-4 fusion-flex-container has-pattern-background has-mask-background nonhundred-percent-fullwidth non-hundred-percent-height-scrolling fusion-custom-z-index\" style=\"--awb-border-radius-top-left:0px;--awb-border-radius-top-right:0px;--awb-border-radius-bottom-right:0px;--awb-border-radius-bottom-left:0px;--awb-z-index:800;--awb-flex-wrap:wrap;\" ><div class=\"fusion-builder-row fusion-row fusion-flex-align-items-flex-start fusion-flex-content-wrap\" style=\"max-width:1248px;margin-left: calc(-4% \/ 2 );margin-right: calc(-4% \/ 2 );\"><div class=\"fusion-layout-column fusion_builder_column fusion-builder-column-3 fusion_builder_column_3_4 3_4 fusion-flex-column\" style=\"--awb-padding-top:.5em;--awb-padding-right:1.5em;--awb-padding-bottom:.5em;--awb-padding-left:1.5em;--awb-overflow:hidden;--awb-bg-color:var(--awb-color1);--awb-bg-color-hover:var(--awb-color1);--awb-bg-size:cover;--awb-border-radius:0px 1.5rem 1.5rem 1.5rem;--awb-width-large:75%;--awb-margin-top-large:0px;--awb-spacing-right-large:2.56%;--awb-margin-bottom-large:20px;--awb-spacing-left-large:2.56%;--awb-width-medium:75%;--awb-order-medium:0;--awb-spacing-right-medium:2.56%;--awb-spacing-left-medium:2.56%;--awb-width-small:100%;--awb-order-small:0;--awb-spacing-right-small:1.92%;--awb-spacing-left-small:1.92%;\" data-scroll-devices=\"small-visibility,medium-visibility,large-visibility\"><div class=\"fusion-column-wrapper fusion-column-has-shadow fusion-flex-justify-content-flex-start fusion-content-layout-column\"><div class=\"fusion-text fusion-text-3 product-name\" style=\"--awb-font-size:48px;--awb-text-color:var(--awb-color4);\"><p>RENEW<\/p>\n<\/div><\/div><\/div><\/div><\/div><div class=\"fusion-fullwidth fullwidth-box fusion-builder-row-5 fusion-flex-container has-pattern-background has-mask-background nonhundred-percent-fullwidth non-hundred-percent-height-scrolling fusion-custom-z-index\" style=\"--awb-border-radius-top-left:0px;--awb-border-radius-top-right:0px;--awb-border-radius-bottom-right:0px;--awb-border-radius-bottom-left:0px;--awb-z-index:600;--awb-padding-top:5em;--awb-padding-right:2em;--awb-padding-bottom:2em;--awb-padding-left:2em;--awb-margin-top:-10em;--awb-margin-bottom:3em;--awb-flex-wrap:wrap;\" ><div class=\"fusion-builder-row fusion-row fusion-flex-align-items-flex-start fusion-flex-justify-content-center fusion-flex-content-wrap\" style=\"max-width:1248px;margin-left: calc(-4% \/ 2 );margin-right: calc(-4% \/ 2 );\"><div class=\"fusion-layout-column fusion_builder_column fusion-builder-column-4 fusion_builder_column_1_1 1_1 fusion-flex-column\" style=\"--awb-padding-top:6em;--awb-padding-right:1.5em;--awb-padding-bottom:2em;--awb-padding-left:1.5em;--awb-overflow:hidden;--awb-bg-color:var(--awb-color4);--awb-bg-color-hover:var(--awb-color4);--awb-bg-size:cover;--awb-border-radius:1em 1em 1em 1em;--awb-width-large:100%;--awb-margin-top-large:0px;--awb-spacing-right-large:1.92%;--awb-margin-bottom-large:20px;--awb-spacing-left-large:1.92%;--awb-width-medium:100%;--awb-order-medium:0;--awb-spacing-right-medium:1.92%;--awb-spacing-left-medium:1.92%;--awb-width-small:100%;--awb-order-small:0;--awb-spacing-right-small:1.92%;--awb-spacing-left-small:1.92%;\" data-scroll-devices=\"small-visibility,medium-visibility,large-visibility\"><div class=\"fusion-column-wrapper fusion-column-has-shadow fusion-flex-justify-content-flex-start fusion-content-layout-column\"><div class=\"fusion-builder-row fusion-builder-row-inner fusion-row fusion-flex-align-items-flex-start fusion-flex-justify-content-center fusion-flex-content-wrap\" style=\"width:104% !important;max-width:104% !important;margin-left: calc(-4% \/ 2 );margin-right: calc(-4% \/ 2 );\"><div class=\"fusion-layout-column fusion_builder_column_inner fusion-builder-nested-column-2 fusion_builder_column_inner_1_2 1_2 fusion-flex-column fusion-flex-align-self-center\" style=\"--awb-bg-size:cover;--awb-width-large:50%;--awb-margin-top-large:0px;--awb-spacing-right-large:3.84%;--awb-margin-bottom-large:20px;--awb-spacing-left-large:3.84%;--awb-width-medium:50%;--awb-order-medium:0;--awb-spacing-right-medium:3.84%;--awb-spacing-left-medium:3.84%;--awb-width-small:100%;--awb-order-small:0;--awb-spacing-right-small:1.92%;--awb-spacing-left-small:1.92%;\" data-scroll-devices=\"small-visibility,medium-visibility,large-visibility\"><div class=\"fusion-column-wrapper fusion-column-has-shadow fusion-flex-justify-content-center fusion-content-layout-column\"><div class=\"fusion-image-element \" style=\"text-align:center;--awb-caption-title-font-family:var(--h2_typography-font-family);--awb-caption-title-font-weight:var(--h2_typography-font-weight);--awb-caption-title-font-style:var(--h2_typography-font-style);--awb-caption-title-size:var(--h2_typography-font-size);--awb-caption-title-transform:var(--h2_typography-text-transform);--awb-caption-title-line-height:var(--h2_typography-line-height);--awb-caption-title-letter-spacing:var(--h2_typography-letter-spacing);\"><span class=\" fusion-imageframe imageframe-none imageframe-1 hover-type-none\"><img decoding=\"async\" width=\"125\" height=\"300\" alt=\"reNew bottle\" title=\"renew_L3_mup\" src=\"https:\/\/seals.boats\/wp-content\/uploads\/2025\/06\/renew_L3_mup-125x300.png\" class=\"img-responsive wp-image-3235\" srcset=\"https:\/\/seals.boats\/wp-content\/uploads\/2025\/06\/renew_L3_mup-200x478.png 200w, https:\/\/seals.boats\/wp-content\/uploads\/2025\/06\/renew_L3_mup-400x957.png 400w, https:\/\/seals.boats\/wp-content\/uploads\/2025\/06\/renew_L3_mup-600x1435.png 600w, https:\/\/seals.boats\/wp-content\/uploads\/2025\/06\/renew_L3_mup.png 790w\" sizes=\"(max-width: 640px) 100vw, 600px\" \/><\/span><\/div><\/div><\/div><div class=\"fusion-layout-column fusion_builder_column_inner fusion-builder-nested-column-3 fusion_builder_column_inner_1_2 1_2 fusion-flex-column\" style=\"--awb-bg-size:cover;--awb-width-large:50%;--awb-margin-top-large:0px;--awb-spacing-right-large:3.84%;--awb-margin-bottom-large:20px;--awb-spacing-left-large:3.84%;--awb-width-medium:50%;--awb-order-medium:0;--awb-spacing-right-medium:3.84%;--awb-spacing-left-medium:3.84%;--awb-width-small:100%;--awb-order-small:0;--awb-spacing-right-small:1.92%;--awb-spacing-left-small:1.92%;\"><div class=\"fusion-column-wrapper fusion-column-has-shadow fusion-flex-justify-content-flex-start fusion-content-layout-column\"><div class=\"fusion-text fusion-text-4\" style=\"--awb-text-color:var(--awb-color6);\"><p><span class=\"TextRun SCXW142135802 BCX8\" lang=\"DE-DE\" xml:lang=\"DE-DE\" data-contrast=\"auto\"><span class=\"NormalTextRun SpellingErrorV2Themed SCXW142135802 BCX8\">reNew<\/span><\/span><span class=\"TextRun SCXW142135802 BCX8\" lang=\"DE-DE\" xml:lang=\"DE-DE\" data-contrast=\"auto\"><span class=\"NormalTextRun SCXW142135802 BCX8\"> ist ein Produkt, das speziell f\u00fcr die einfache und effektive Wiederherstellung aller bereits mit SEALS-Produkten behandelten Oberfl\u00e4chen entwickelt wurde. Seine Formel, die perfekt mit der gesamten Palette unserer Schutzprodukte kompatibel ist, verl\u00e4ngert deren Wirkung, wenn wenig Zeit f\u00fcr eine neue Anwendung bleibt. Durch regelm\u00e4\u00dfiges Auftragen, in wenigen Minuten und mit einfachen Gesten, wird gl\u00e4nzenden Oberfl\u00e4chen neues Leben eingehaucht und die durch SEALS geschaffene Barriere wiederhergestellt.\u00a0<\/span><\/span><span class=\"EOP SCXW142135802 BCX8\" data-ccp-props=\"{&quot;201341983&quot;:0,&quot;335559739&quot;:60,&quot;335559740&quot;:240}\">\u00a0<\/span><\/p>\n<\/div><div class=\"fusion-text fusion-text-5\" style=\"--awb-text-color:var(--awb-color6);\"><p><em><span class=\"TextRun SCXW89825944 BCX8\" lang=\"DE-DE\" xml:lang=\"DE-DE\" data-contrast=\"none\"><span class=\"NormalTextRun SCXW89825944 BCX8\" data-ccp-parastyle=\"3\" data-ccp-parastyle-defn=\"{&quot;ObjectId&quot;:&quot;c45aae92-246e-5cdb-978e-2679d6c40137|1&quot;,&quot;ClassId&quot;:1073872969,&quot;Properties&quot;:&#091;335551547,&quot;1033&quot;,335559740,&quot;240&quot;,201341983,&quot;0&quot;,335559739,&quot;60&quot;,201342447,&quot;5&quot;,201342448,&quot;1&quot;,469777841,&quot;Poppins&quot;,469777842,&quot;Arial&quot;,469777843,&quot;Aptos&quot;,469777844,&quot;Poppins&quot;,469769226,&quot;Poppins,Arial,Aptos&quot;,268442635,&quot;20&quot;,469775450,&quot;3&quot;,201340122,&quot;2&quot;,134234082,&quot;true&quot;,134233614,&quot;true&quot;,469778129,&quot;3&quot;,335572020,&quot;1&quot;,134224901,&quot;true&quot;,335551500,&quot;6250335&quot;,469777929,&quot;3 Carattere&quot;,469778324,&quot;Normal&quot;&#093;}\" data-ccp-parastyle-linked-defn=\"{&quot;ObjectId&quot;:&quot;e7b902df-36d7-5ec7-8d55-bfa60fe0f83e|1&quot;,&quot;ClassId&quot;:1073872969,&quot;Properties&quot;:&#091;201342447,&quot;5&quot;,201342448,&quot;1&quot;,469777841,&quot;Poppins&quot;,469777842,&quot;Arial&quot;,469777843,&quot;Aptos&quot;,469777844,&quot;Poppins&quot;,469769226,&quot;Poppins,Arial,Aptos&quot;,268442635,&quot;20&quot;,469775450,&quot;3 Carattere&quot;,201340122,&quot;1&quot;,134233614,&quot;true&quot;,469778129,&quot;3Carattere&quot;,335572020,&quot;1&quot;,134231262,&quot;true&quot;,134224901,&quot;true&quot;,335551500,&quot;6250335&quot;,335551547,&quot;1033&quot;,469777929,&quot;3&quot;,469778324,&quot;Default Paragraph Font&quot;&#093;}\">Erh\u00e4ltlich in Flaschen zur Behandlung von Oberfl\u00e4chen von 20, 30, 40, 80 m\u00b2 oder gr\u00f6\u00dfer (auf Anfrage)<\/span><\/span><span class=\"EOP SCXW89825944 BCX8\" data-ccp-props=\"{&quot;201341983&quot;:0,&quot;335559739&quot;:60,&quot;335559740&quot;:240}\">\u00a0<\/span><\/em><\/p>\n<\/div><\/div><\/div><\/div><\/div><\/div><\/div><\/div><\/p>\n","protected":false},"excerpt":{"rendered":"","protected":false},"author":3,"featured_media":0,"parent":0,"menu_order":0,"comment_status":"closed","ping_status":"closed","template":"100-width.php","meta":{"footnotes":""},"class_list":["post-4135","page","type-page","status-publish","hentry"],"yoast_head":"<!-- This site is optimized with the Yoast SEO plugin v26.7 - https:\/\/yoast.com\/wordpress\/plugins\/seo\/ -->\n<title>AUFFRISCHUNG - Seals<\/title>\n<meta name=\"robots\" content=\"index, follow, max-snippet:-1, max-image-preview:large, max-video-preview:-1\" \/>\n<link rel=\"canonical\" href=\"https:\/\/seals.boats\/de\/auffrischung\/\" \/>\n<meta property=\"og:locale\" content=\"de_DE\" \/>\n<meta property=\"og:type\" content=\"article\" \/>\n<meta property=\"og:title\" content=\"AUFFRISCHUNG - Seals\" \/>\n<meta property=\"og:url\" content=\"https:\/\/seals.boats\/de\/auffrischung\/\" \/>\n<meta property=\"og:site_name\" content=\"Seals\" \/>\n<meta property=\"article:modified_time\" content=\"2025-07-22T13:41:26+00:00\" \/>\n<meta name=\"twitter:card\" content=\"summary_large_image\" \/>\n<meta name=\"twitter:label1\" content=\"Gesch\u00e4tzte Lesezeit\" \/>\n\t<meta name=\"twitter:data1\" content=\"43\u00a0Minuten\" \/>\n<script type=\"application\/ld+json\" class=\"yoast-schema-graph\">{\"@context\":\"https:\/\/schema.org\",\"@graph\":[{\"@type\":\"WebPage\",\"@id\":\"https:\/\/seals.boats\/de\/auffrischung\/\",\"url\":\"https:\/\/seals.boats\/de\/auffrischung\/\",\"name\":\"AUFFRISCHUNG - Seals\",\"isPartOf\":{\"@id\":\"https:\/\/seals.boats\/#website\"},\"datePublished\":\"2025-07-22T08:57:36+00:00\",\"dateModified\":\"2025-07-22T13:41:26+00:00\",\"breadcrumb\":{\"@id\":\"https:\/\/seals.boats\/de\/auffrischung\/#breadcrumb\"},\"inLanguage\":\"de\",\"potentialAction\":[{\"@type\":\"ReadAction\",\"target\":[\"https:\/\/seals.boats\/de\/auffrischung\/\"]}]},{\"@type\":\"BreadcrumbList\",\"@id\":\"https:\/\/seals.boats\/de\/auffrischung\/#breadcrumb\",\"itemListElement\":[{\"@type\":\"ListItem\",\"position\":1,\"name\":\"Home\",\"item\":\"https:\/\/ec2-3-70-166-117.eu-central-1.compute.amazonaws.com\/de\/\"},{\"@type\":\"ListItem\",\"position\":2,\"name\":\"AUFFRISCHUNG\"}]},{\"@type\":\"WebSite\",\"@id\":\"https:\/\/seals.boats\/#website\",\"url\":\"https:\/\/seals.boats\/\",\"name\":\"Seals\",\"description\":\"\",\"publisher\":{\"@id\":\"https:\/\/seals.boats\/#organization\"},\"potentialAction\":[{\"@type\":\"SearchAction\",\"target\":{\"@type\":\"EntryPoint\",\"urlTemplate\":\"https:\/\/seals.boats\/?s={search_term_string}\"},\"query-input\":{\"@type\":\"PropertyValueSpecification\",\"valueRequired\":true,\"valueName\":\"search_term_string\"}}],\"inLanguage\":\"de\"},{\"@type\":\"Organization\",\"@id\":\"https:\/\/seals.boats\/#organization\",\"name\":\"Seals\",\"url\":\"https:\/\/seals.boats\/\",\"logo\":{\"@type\":\"ImageObject\",\"inLanguage\":\"de\",\"@id\":\"https:\/\/seals.boats\/#\/schema\/logo\/image\/\",\"url\":\"https:\/\/3.70.166.117\/wp-content\/uploads\/2024\/07\/logo_seals_white.png\",\"contentUrl\":\"https:\/\/3.70.166.117\/wp-content\/uploads\/2024\/07\/logo_seals_white.png\",\"width\":2778,\"height\":1459,\"caption\":\"Seals\"},\"image\":{\"@id\":\"https:\/\/seals.boats\/#\/schema\/logo\/image\/\"},\"sameAs\":[\"https:\/\/www.linkedin.com\/company\/seals-boats\"]}]}<\/script>\n<!-- \/ Yoast SEO plugin. -->","yoast_head_json":{"title":"AUFFRISCHUNG - Seals","robots":{"index":"index","follow":"follow","max-snippet":"max-snippet:-1","max-image-preview":"max-image-preview:large","max-video-preview":"max-video-preview:-1"},"canonical":"https:\/\/seals.boats\/de\/auffrischung\/","og_locale":"de_DE","og_type":"article","og_title":"AUFFRISCHUNG - Seals","og_url":"https:\/\/seals.boats\/de\/auffrischung\/","og_site_name":"Seals","article_modified_time":"2025-07-22T13:41:26+00:00","twitter_card":"summary_large_image","twitter_misc":{"Gesch\u00e4tzte Lesezeit":"43\u00a0Minuten"},"schema":{"@context":"https:\/\/schema.org","@graph":[{"@type":"WebPage","@id":"https:\/\/seals.boats\/de\/auffrischung\/","url":"https:\/\/seals.boats\/de\/auffrischung\/","name":"AUFFRISCHUNG - Seals","isPartOf":{"@id":"https:\/\/seals.boats\/#website"},"datePublished":"2025-07-22T08:57:36+00:00","dateModified":"2025-07-22T13:41:26+00:00","breadcrumb":{"@id":"https:\/\/seals.boats\/de\/auffrischung\/#breadcrumb"},"inLanguage":"de","potentialAction":[{"@type":"ReadAction","target":["https:\/\/seals.boats\/de\/auffrischung\/"]}]},{"@type":"BreadcrumbList","@id":"https:\/\/seals.boats\/de\/auffrischung\/#breadcrumb","itemListElement":[{"@type":"ListItem","position":1,"name":"Home","item":"https:\/\/ec2-3-70-166-117.eu-central-1.compute.amazonaws.com\/de\/"},{"@type":"ListItem","position":2,"name":"AUFFRISCHUNG"}]},{"@type":"WebSite","@id":"https:\/\/seals.boats\/#website","url":"https:\/\/seals.boats\/","name":"Seals","description":"","publisher":{"@id":"https:\/\/seals.boats\/#organization"},"potentialAction":[{"@type":"SearchAction","target":{"@type":"EntryPoint","urlTemplate":"https:\/\/seals.boats\/?s={search_term_string}"},"query-input":{"@type":"PropertyValueSpecification","valueRequired":true,"valueName":"search_term_string"}}],"inLanguage":"de"},{"@type":"Organization","@id":"https:\/\/seals.boats\/#organization","name":"Seals","url":"https:\/\/seals.boats\/","logo":{"@type":"ImageObject","inLanguage":"de","@id":"https:\/\/seals.boats\/#\/schema\/logo\/image\/","url":"https:\/\/3.70.166.117\/wp-content\/uploads\/2024\/07\/logo_seals_white.png","contentUrl":"https:\/\/3.70.166.117\/wp-content\/uploads\/2024\/07\/logo_seals_white.png","width":2778,"height":1459,"caption":"Seals"},"image":{"@id":"https:\/\/seals.boats\/#\/schema\/logo\/image\/"},"sameAs":["https:\/\/www.linkedin.com\/company\/seals-boats"]}]}},"_links":{"self":[{"href":"https:\/\/seals.boats\/de\/wp-json\/wp\/v2\/pages\/4135","targetHints":{"allow":["GET"]}}],"collection":[{"href":"https:\/\/seals.boats\/de\/wp-json\/wp\/v2\/pages"}],"about":[{"href":"https:\/\/seals.boats\/de\/wp-json\/wp\/v2\/types\/page"}],"author":[{"embeddable":true,"href":"https:\/\/seals.boats\/de\/wp-json\/wp\/v2\/users\/3"}],"replies":[{"embeddable":true,"href":"https:\/\/seals.boats\/de\/wp-json\/wp\/v2\/comments?post=4135"}],"version-history":[{"count":5,"href":"https:\/\/seals.boats\/de\/wp-json\/wp\/v2\/pages\/4135\/revisions"}],"predecessor-version":[{"id":4143,"href":"https:\/\/seals.boats\/de\/wp-json\/wp\/v2\/pages\/4135\/revisions\/4143"}],"wp:attachment":[{"href":"https:\/\/seals.boats\/de\/wp-json\/wp\/v2\/media?parent=4135"}],"curies":[{"name":"wp","href":"https:\/\/api.w.org\/{rel}","templated":true}]}}